{"id":592,"date":"2024-01-22T23:32:01","date_gmt":"2024-01-22T22:32:01","guid":{"rendered":"https:\/\/demo.parsedesign.com\/003\/?page_id=592"},"modified":"2024-01-23T08:38:06","modified_gmt":"2024-01-23T07:38:06","slug":"impressum","status":"publish","type":"page","link":"https:\/\/demo.parsedesign.com\/003\/impressum\/","title":{"rendered":"Impressum"},"content":{"rendered":"\n<p>Saeid Samani<br>Kurt-Schumacher-Ring 83<br>63329 Egelsbach<br>Deutschland<br>Tel.: +4917699825133<br>E-Mail: info@parsedesign.com<\/p>\n\n\n\n<p>Umsatzsteuer-Identifikationsnummer: DE295318813<\/p>\n\n\n\n<p>Verantwortliche\/r i.S.d. \u00a7 18 Abs. 2 MStV:<br>Saeid Samani Kurt-Schumacher-Ring 83 63329 Egelsbach Deutschland<\/p>\n\n\n\n<p>Zust\u00e4ndige Aufsichtsbeh\u00f6rde f\u00fcr das Angebot audiovisueller Mediendienste:<br>Saeid Samani Kurt-Schumacher-Ring 83 63329 Egelsbach Deutschland<\/p>\n\n\n\n<p>Plattform der EU-Kommission zur Online-Streitbeilegung: https:\/\/ec.europa.eu\/odr<\/p>\n\n\n\n<p>Wir sind zur Teilnahme an einem Streitbeilegungsverfahren vor einer Verbraucherschlichtungsstelle weder verpflichtet noch bereit.<\/p>\n","protected":false},"excerpt":{"rendered":"<p>Saeid SamaniKurt-Schumacher-Ring 8363329 EgelsbachDeutschlandTel.: +4917699825133E-Mail: info@parsedesign.com Umsatzsteuer-Identifikationsnummer: DE295318813 Verantwortliche\/r i.S.d. \u00a7 18 Abs. 2 MStV:Saeid Samani Kurt-Schumacher-Ring 83 63329 Egelsbach Deutschland Zust\u00e4ndige Aufsichtsbeh\u00f6rde f\u00fcr das Angebot audiovisueller Mediendienste:Saeid Samani Kurt-Schumacher-Ring 83 63329 Egelsbach Deutschland Plattform der EU-Kommission zur Online-Streitbeilegung: https:\/\/ec.europa.eu\/odr Wir sind zur Teilnahme an einem Streitbeilegungsverfahren vor einer Verbraucherschlichtungsstelle weder verpflichtet noch bereit.<\/p>\n","protected":false},"author":1,"featured_media":0,"parent":0,"menu_order":0,"comment_status":"closed","ping_status":"closed","template":"","meta":{"footnotes":""},"class_list":["post-592","page","type-page","status-publish","hentry"],"_links":{"self":[{"href":"https:\/\/demo.parsedesign.com\/003\/wp-json\/wp\/v2\/pages\/592","targetHints":{"allow":["GET"]}}],"collection":[{"href":"https:\/\/demo.parsedesign.com\/003\/wp-json\/wp\/v2\/pages"}],"about":[{"href":"https:\/\/demo.parsedesign.com\/003\/wp-json\/wp\/v2\/types\/page"}],"author":[{"embeddable":true,"href":"https:\/\/demo.parsedesign.com\/003\/wp-json\/wp\/v2\/users\/1"}],"replies":[{"embeddable":true,"href":"https:\/\/demo.parsedesign.com\/003\/wp-json\/wp\/v2\/comments?post=592"}],"version-history":[{"count":2,"href":"https:\/\/demo.parsedesign.com\/003\/wp-json\/wp\/v2\/pages\/592\/revisions"}],"predecessor-version":[{"id":633,"href":"https:\/\/demo.parsedesign.com\/003\/wp-json\/wp\/v2\/pages\/592\/revisions\/633"}],"wp:attachment":[{"href":"https:\/\/demo.parsedesign.com\/003\/wp-json\/wp\/v2\/media?parent=592"}],"curies":[{"name":"wp","href":"https:\/\/api.w.org\/{rel}","templated":true}]}}